{"id":1201,"date":"2019-12-27T14:37:13","date_gmt":"2019-12-27T14:37:13","guid":{"rendered":"https:\/\/os-br.com\/?page_id=1201"},"modified":"2023-05-30T15:21:56","modified_gmt":"2023-05-30T15:21:56","slug":"resources","status":"publish","type":"page","link":"https:\/\/os-br.com\/pt\/resources\/","title":{"rendered":"Recursos"},"content":{"rendered":"<p>[et_pb_section fb_built=&#8221;1&#8243; _builder_version=&#8221;4.16&#8243; background_color=&#8221;#002041&#8243; global_colors_info=&#8221;{}&#8221;][et_pb_row column_structure=&#8221;1_3,1_3,1_3&#8243; make_equal=&#8221;on&#8221; _builder_version=&#8221;4.16&#8243; module_alignment=&#8221;center&#8221; global_colors_info=&#8221;{}&#8221;][et_pb_column type=&#8221;1_3&#8243; _builder_version=&#8221;4.16&#8243; global_colors_info=&#8221;{}&#8221;][et_pb_text _builder_version=&#8221;4.16&#8243; header_font_size=&#8221;40px&#8221; global_colors_info=&#8221;{}&#8221;]<\/p>\n<h1 style=\"margin-top: 20px;\"><span style=\"color: #ffffff;\">Resources<\/span><\/h1>\n<p>[\/et_pb_text][\/et_pb_column][et_pb_column type=&#8221;1_3&#8243; _builder_version=&#8221;4.16&#8243; global_colors_info=&#8221;{}&#8221;][\/et_pb_column][et_pb_column type=&#8221;1_3&#8243; _builder_version=&#8221;4.16&#8243; global_colors_info=&#8221;{}&#8221;][et_pb_text _builder_version=&#8221;4.16&#8243; global_colors_info=&#8221;{}&#8221;]<img loading=\"lazy\" decoding=\"async\" src=\"https:\/\/os-br.com\/wp-content\/uploads\/2020\/01\/Seamless.png\" width=\"481\" height=\"120\" alt=\"Seamless logo\" class=\"wp-image-1354 aligncenter size-full\" srcset=\"https:\/\/os-br.com\/wp-content\/uploads\/2020\/01\/Seamless.png 481w, https:\/\/os-br.com\/wp-content\/uploads\/2020\/01\/Seamless-300x75.png 300w\" sizes=\"auto, (max-width: 481px) 100vw, 481px\" \/>[\/et_pb_text][\/et_pb_column][\/et_pb_row][\/et_pb_section][et_pb_section fb_built=&#8221;1&#8243; _builder_version=&#8221;4.16&#8243; background_color=&#8221;#F4F4F4&#8243; global_colors_info=&#8221;{}&#8221;][et_pb_row column_structure=&#8221;1_3,1_3,1_3&#8243; _builder_version=&#8221;4.16&#8243; global_colors_info=&#8221;{}&#8221;][et_pb_column type=&#8221;1_3&#8243; _builder_version=&#8221;4.16&#8243; background_enable_color=&#8221;off&#8221; custom_padding=&#8221;||||false|false&#8221; global_colors_info=&#8221;{}&#8221;][et_pb_blurb url=&#8221;https:\/\/os-br.com\/wp-content\/uploads\/2020\/01\/Who-Is-Seamless.pdf&#8221; url_new_window=&#8221;on&#8221; image=&#8221;https:\/\/os-br.com\/wp-content\/uploads\/2020\/01\/Who-Seamless.jpg&#8221; _builder_version=&#8221;4.16&#8243; header_text_align=&#8221;center&#8221; header_text_color=&#8221;#ffffff&#8221; background_color=&#8221;#002041&#8243; text_orientation=&#8221;center&#8221; background_layout=&#8221;dark&#8221; custom_padding=&#8221;30px|10px|30px|10px|false|false&#8221; animation_style=&#8221;slide&#8221; link_option_url=&#8221;https:\/\/os-br.com\/wp-content\/uploads\/2020\/01\/Who-Is-Seamless.pdf&#8221; link_option_url_new_window=&#8221;on&#8221; border_radii=&#8221;on|10px|10px|10px|10px&#8221; global_colors_info=&#8221;{}&#8221;]<\/p>\n<h3><span style=\"color: #ffffff;\">Brochure<\/span><\/h3>\n<h4 style=\"text-align: center;\"><span style=\"color: #ffffff;\">Who is Seamless?<\/span><\/h4>\n<p style=\"text-align: center;\"><strong><a href=\"https:\/\/os-br.com\/wp-content\/uploads\/2020\/01\/Who-Is-Seamless.pdf\" target=\"_blank\" rel=\"noopener noreferrer\"><span style=\"color: #ffffff;\">Download<\/span><\/a><\/strong><\/p>\n<p>[\/et_pb_blurb][et_pb_blurb url=&#8221;https:\/\/os-br.com\/wp-content\/uploads\/2020\/01\/Seamless-VDI-Health-Check-1.pdf&#8221; url_new_window=&#8221;on&#8221; image=&#8221;https:\/\/os-br.com\/wp-content\/uploads\/2020\/01\/Seamless-VDI-Health-Check.jpg&#8221; _builder_version=&#8221;4.16&#8243; header_text_align=&#8221;center&#8221; header_text_color=&#8221;#ffffff&#8221; background_color=&#8221;#002041&#8243; text_orientation=&#8221;center&#8221; background_layout=&#8221;dark&#8221; custom_padding=&#8221;30px|10px|30px|10px|false|false&#8221; animation_style=&#8221;slide&#8221; link_option_url=&#8221;https:\/\/os-br.com\/wp-content\/uploads\/2020\/01\/Seamless-VDI-Health-Check-1.pdf&#8221; link_option_url_new_window=&#8221;on&#8221; border_radii=&#8221;on|10px|10px|10px|10px&#8221; global_colors_info=&#8221;{}&#8221;]<\/p>\n<h3><span style=\"color: #ffffff;\">Data Sheet<\/span><\/h3>\n<h4 style=\"text-align: center;\"><span style=\"color: #ffffff;\">Seamless VDI Health Check<\/span><\/h4>\n<p style=\"text-align: center;\"><strong><a href=\"https:\/\/os-br.com\/wp-content\/uploads\/2020\/01\/Seamless-VDI-Health-Check-1.pdf\" target=\"_blank\" rel=\"noopener noreferrer\"><span style=\"color: #ffffff;\">Download<\/span><\/a><\/strong><\/p>\n<p>[\/et_pb_blurb][\/et_pb_column][et_pb_column type=&#8221;1_3&#8243; _builder_version=&#8221;4.16&#8243; background_enable_color=&#8221;off&#8221; global_colors_info=&#8221;{}&#8221;][et_pb_blurb url=&#8221;https:\/\/os-br.com\/wp-content\/uploads\/2020\/01\/Horizon-View-Design-Deploy-Service-1.pdf&#8221; url_new_window=&#8221;on&#8221; image=&#8221;https:\/\/os-br.com\/wp-content\/uploads\/2020\/01\/Horizon-View-Design-Deploy-Service-1.jpg&#8221; _builder_version=&#8221;4.16&#8243; header_text_align=&#8221;center&#8221; header_text_color=&#8221;#ffffff&#8221; background_color=&#8221;#002041&#8243; text_orientation=&#8221;center&#8221; background_layout=&#8221;dark&#8221; custom_padding=&#8221;30px|10px|30px|10px|false|false&#8221; animation_style=&#8221;slide&#8221; link_option_url=&#8221;https:\/\/os-br.com\/wp-content\/uploads\/2020\/01\/Horizon-View-Design-Deploy-Service-1.pdf&#8221; link_option_url_new_window=&#8221;on&#8221; border_radii=&#8221;on|10px|10px|10px|10px&#8221; global_colors_info=&#8221;{}&#8221;]<\/p>\n<h3><span style=\"color: #ffffff;\">Data Sheet<\/span><\/h3>\n<h4 style=\"text-align: center;\"><span style=\"color: #ffffff;\">Horizon View Design  Deploy Service<\/span><\/h4>\n<p style=\"text-align: center;\"><strong><a href=\"https:\/\/os-br.com\/wp-content\/uploads\/2020\/01\/Horizon-View-Design-Deploy-Service-1.pdf\" target=\"_blank\" rel=\"noopener noreferrer\"><span style=\"color: #ffffff;\">Download<\/span><\/a><\/strong><\/p>\n<p>[\/et_pb_blurb][\/et_pb_column][et_pb_column type=&#8221;1_3&#8243; _builder_version=&#8221;4.16&#8243; background_enable_color=&#8221;off&#8221; global_colors_info=&#8221;{}&#8221;][et_pb_blurb url=&#8221;https:\/\/os-br.com\/wp-content\/uploads\/2020\/01\/NSX-Design-Deploy-Data-Sheet-1.pdf&#8221; url_new_window=&#8221;on&#8221; image=&#8221;https:\/\/os-br.com\/wp-content\/uploads\/2020\/01\/NSX-Design-Deploy-Data-Sheet-1.jpg&#8221; _builder_version=&#8221;4.16&#8243; header_text_align=&#8221;center&#8221; header_text_color=&#8221;#ffffff&#8221; background_color=&#8221;#002041&#8243; text_orientation=&#8221;center&#8221; background_layout=&#8221;dark&#8221; custom_padding=&#8221;30px|10px|30px|10px|false|false&#8221; animation_style=&#8221;slide&#8221; link_option_url=&#8221;https:\/\/os-br.com\/wp-content\/uploads\/2020\/01\/NSX-Design-Deploy-Data-Sheet-1.pdf&#8221; link_option_url_new_window=&#8221;on&#8221; border_radii=&#8221;on|10px|10px|10px|10px&#8221; global_colors_info=&#8221;{}&#8221;]<\/p>\n<h3><span style=\"color: #ffffff;\">Data Sheet<\/span><\/h3>\n<h4 style=\"text-align: center;\"><span style=\"color: #ffffff;\">NSX Design Deploy Service<\/span><\/h4>\n<p style=\"text-align: center;\"><strong><a href=\"https:\/\/os-br.com\/wp-content\/uploads\/2020\/01\/NSX-Design-Deploy-Data-Sheet-1.pdf\" target=\"_blank\" rel=\"noopener noreferrer\"><span style=\"color: #ffffff;\">Download<\/span><\/a><\/strong><\/p>\n<p>[\/et_pb_blurb][et_pb_blurb url=&#8221;https:\/\/os-br.com\/wp-content\/uploads\/2020\/01\/VvSphere-Upgrade-1.pdf&#8221; url_new_window=&#8221;on&#8221; image=&#8221;https:\/\/os-br.com\/wp-content\/uploads\/2020\/01\/VvSphere-Upgrade.jpg&#8221; _builder_version=&#8221;4.16&#8243; header_text_align=&#8221;center&#8221; header_text_color=&#8221;#ffffff&#8221; background_color=&#8221;#002041&#8243; text_orientation=&#8221;center&#8221; background_layout=&#8221;dark&#8221; custom_padding=&#8221;30px|10px|30px|10px|false|false&#8221; animation_style=&#8221;slide&#8221; link_option_url=&#8221;https:\/\/os-br.com\/wp-content\/uploads\/2020\/01\/VvSphere-Upgrade-1.pdf&#8221; link_option_url_new_window=&#8221;on&#8221; border_radii=&#8221;on|10px|10px|10px|10px&#8221; global_colors_info=&#8221;{}&#8221;]<\/p>\n<h3><span style=\"color: #ffffff;\">Data Sheet<\/span><\/h3>\n<h4 style=\"text-align: center;\"><span style=\"color: #ffffff;\">vSphere Upgrade<\/span><\/h4>\n<p style=\"text-align: center;\"><strong><a href=\"https:\/\/os-br.com\/wp-content\/uploads\/2020\/01\/VvSphere-Upgrade-1.pdf\" target=\"_blank\" rel=\"noopener noreferrer\"><span style=\"color: #ffffff;\">Download<\/span><\/a><\/strong><\/p>\n<p>[\/et_pb_blurb][\/et_pb_column][\/et_pb_row][et_pb_row column_structure=&#8221;1_3,1_3,1_3&#8243; _builder_version=&#8221;4.16&#8243; global_colors_info=&#8221;{}&#8221;][et_pb_column type=&#8221;1_3&#8243; _builder_version=&#8221;4.16&#8243; background_enable_color=&#8221;off&#8221; custom_padding=&#8221;||||false|false&#8221; global_colors_info=&#8221;{}&#8221;][\/et_pb_column][et_pb_column type=&#8221;1_3&#8243; _builder_version=&#8221;4.16&#8243; background_enable_color=&#8221;off&#8221; global_colors_info=&#8221;{}&#8221;][\/et_pb_column][et_pb_column type=&#8221;1_3&#8243; _builder_version=&#8221;4.16&#8243; background_enable_color=&#8221;off&#8221; global_colors_info=&#8221;{}&#8221;][\/et_pb_column][\/et_pb_row][\/et_pb_section]<\/p>\n","protected":false},"excerpt":{"rendered":"<p>RecursosBrochura Quem \u00e9 a Seamless? Download do Data Sheet Verifica\u00e7\u00e3o da integridade da VDI Seamless Download do Data Sheet Servi\u00e7o de implanta\u00e7\u00e3o de design do Horizon View Download do Data Sheet Servi\u00e7o de implanta\u00e7\u00e3o de design do NSX Download do Data Sheet Upgrade do vSphere Download<\/p>","protected":false},"author":3,"featured_media":0,"parent":0,"menu_order":0,"comment_status":"closed","ping_status":"closed","template":"","meta":{"_et_pb_use_builder":"on","_et_pb_old_content":"","_et_gb_content_width":"","footnotes":""},"class_list":["post-1201","page","type-page","status-publish","hentry"],"_links":{"self":[{"href":"https:\/\/os-br.com\/pt\/wp-json\/wp\/v2\/pages\/1201","targetHints":{"allow":["GET"]}}],"collection":[{"href":"https:\/\/os-br.com\/pt\/wp-json\/wp\/v2\/pages"}],"about":[{"href":"https:\/\/os-br.com\/pt\/wp-json\/wp\/v2\/types\/page"}],"author":[{"embeddable":true,"href":"https:\/\/os-br.com\/pt\/wp-json\/wp\/v2\/users\/3"}],"replies":[{"embeddable":true,"href":"https:\/\/os-br.com\/pt\/wp-json\/wp\/v2\/comments?post=1201"}],"version-history":[{"count":43,"href":"https:\/\/os-br.com\/pt\/wp-json\/wp\/v2\/pages\/1201\/revisions"}],"predecessor-version":[{"id":2194,"href":"https:\/\/os-br.com\/pt\/wp-json\/wp\/v2\/pages\/1201\/revisions\/2194"}],"wp:attachment":[{"href":"https:\/\/os-br.com\/pt\/wp-json\/wp\/v2\/media?parent=1201"}],"curies":[{"name":"wp","href":"https:\/\/api.w.org\/{rel}","templated":true}]}}